{"id":6,"date":"2023-01-19T10:29:32","date_gmt":"2023-01-19T10:29:32","guid":{"rendered":"http:\/\/test.elprosit.de\/?page_id=6"},"modified":"2024-07-04T06:49:43","modified_gmt":"2024-07-04T06:49:43","slug":"schoene-portfolios-fuer-aussergewoehnliche-kreative","status":"publish","type":"page","link":"https:\/\/elprosit.de\/","title":{"rendered":"&#8220;Jukebox und einzigartiger Humor&#8221;"},"content":{"rendered":"\n<p class=\"has-text-align-center\"><meta charset=\"utf-8\">Wir spielen alles, was die Bandbreite der Musik zu bieten hat und vermitteln unsere Spiellaune unverkennbar an unser Publikum. Flexibilit\u00e4t in der Songauswahl und immer gute Stimmung &#8211; f\u00fcr jeden Anlass.<\/p>\n\n\n\n<div class=\"wp-block-group alignfull has-background\" style=\"background-color:#e5e9ec\"><div class=\"wp-block-group__inner-container is-layout-flow wp-block-group-is-layout-flow\">\n<div class=\"wp-block-columns is-layout-flex wp-container-core-columns-is-layout-1 wp-block-columns-is-layout-flex\">\n<div class=\"wp-block-column is-vertically-aligned-center is-layout-flow wp-block-column-is-layout-flow\">\n<h2 class=\"has-large-font-size wp-block-heading\">\u00dcber Uns<\/h2>\n\n\n\n<h2 class=\"wp-block-heading\">\u00dcberzeugend mit ehrlicher Musik &#8211; seit 2013<\/h2>\n\n\n\n<p>Wir legen sehr viel Wert auf echte Musik, verzichten auf schlechte Keyboardsounds und \u00fcberzeugen mit unserem Bl\u00e4sersatz. Nachdem jeder von uns 5 mindestens zwei Instrumente spielt, sind wir maximal flexibel f\u00fcr jede Art von Veranstaltung.<\/p>\n\n\n\n<p>Instrumente: Gitarre | Bass | Trompete | Saxophon | Klavier | Klarinette | Steirische Harmonika | Schlagzeug<\/p>\n\n\n\n<p>Events und B\u00e4lle jeglicher Art: Mit unserem gro\u00dfen Tanzprogramm sind wir f\u00fcr jeden Tanz gewappnet. F\u00fcr Empf\u00e4nge spielen wir gerne Unplugged und sind nicht an die B\u00fchne gebunden. Wir moderieren durch die Veranstaltung und sorgen im sp\u00e4teren Abendprogramm f\u00fcr ordentlich Stimmung, wobei wir von Anfang an nat\u00fcrlich f\u00fcr eine freundliche und feierliche Atmosph\u00e4re sorgen.<\/p>\n\n\n\n<p>Bierfeste und Party: F\u00fcr den Beginn traditionell, f\u00fcr den weiteren Verlauf hauen wir voll auf den Putz. <\/p>\n\n\n\n<p>Musikrichtungen: Oberkrainer | Austropop | Schlager | Jazz | Rock&#8217;nRoll | Oldies | moderner Pop | Alternative Rock | Hard Rock | 70er | 80er | 90er | 2010er<\/p>\n\n\n\n<p>Wir kommen aus dem Landkreis Dachau und spielen f\u00fcr euch \u00fcberregional!<\/p>\n<\/div>\n\n\n\n<div class=\"wp-block-column is-layout-flow wp-block-column-is-layout-flow\">\n<div style=\"height:48px\" aria-hidden=\"true\" class=\"wp-block-spacer\"><\/div>\n\n\n\n<figure class=\"wp-block-image size-large\"><img loading=\"lazy\" decoding=\"async\" width=\"1024\" height=\"1024\" src=\"https:\/\/elprosit.de\/wp-content\/uploads\/2023\/01\/IMG_7953-min-1024x1024.jpg\" alt=\"\" class=\"wp-image-416\" srcset=\"https:\/\/elprosit.de\/wp-content\/uploads\/2023\/01\/IMG_7953-min-1024x1024.jpg 1024w, https:\/\/elprosit.de\/wp-content\/uploads\/2023\/01\/IMG_7953-min-300x300.jpg 300w, https:\/\/elprosit.de\/wp-content\/uploads\/2023\/01\/IMG_7953-min-150x150.jpg 150w, https:\/\/elprosit.de\/wp-content\/uploads\/2023\/01\/IMG_7953-min-768x768.jpg 768w, https:\/\/elprosit.de\/wp-content\/uploads\/2023\/01\/IMG_7953-min-1536x1536.jpg 1536w, https:\/\/elprosit.de\/wp-content\/uploads\/2023\/01\/IMG_7953-min-2048x2048.jpg 2048w, https:\/\/elprosit.de\/wp-content\/uploads\/2023\/01\/IMG_7953-min-2000x2000.jpg 2000w\" sizes=\"(max-width: 1024px) 100vw, 1024px\" \/><\/figure>\n\n\n\n<figure class=\"wp-block-image size-large\"><img loading=\"lazy\" decoding=\"async\" width=\"1024\" height=\"683\" src=\"https:\/\/elprosit.de\/wp-content\/uploads\/2023\/01\/IMG_7952-min-1024x683.jpg\" alt=\"\" class=\"wp-image-425\" srcset=\"https:\/\/elprosit.de\/wp-content\/uploads\/2023\/01\/IMG_7952-min-1024x683.jpg 1024w, https:\/\/elprosit.de\/wp-content\/uploads\/2023\/01\/IMG_7952-min-300x200.jpg 300w, https:\/\/elprosit.de\/wp-content\/uploads\/2023\/01\/IMG_7952-min-768x512.jpg 768w, https:\/\/elprosit.de\/wp-content\/uploads\/2023\/01\/IMG_7952-min-1536x1024.jpg 1536w, https:\/\/elprosit.de\/wp-content\/uploads\/2023\/01\/IMG_7952-min-2048x1365.jpg 2048w, https:\/\/elprosit.de\/wp-content\/uploads\/2023\/01\/IMG_7952-min-2000x1333.jpg 2000w\" sizes=\"(max-width: 1024px) 100vw, 1024px\" \/><\/figure>\n<\/div>\n<\/div>\n<\/div><\/div>\n\n\n\n<h2 class=\"has-text-align-center has-large-font-size wp-block-heading\" id=\"termine\">TERMINE 2024<\/h2>\n\n\n\n<h2 class=\"has-text-align-center wp-block-heading\">hier unsere \u00f6ffentlichen Auftritte:<\/h2>\n\n\n\n<figure class=\"wp-block-table is-style-stripes\"><table><tbody><tr><td class=\"has-text-align-right\" data-align=\"right\">Fr, 05.01.<\/td><td>Inthronisationsball Faschingsverein Fahrenzhausen<\/td><td>85777 Fahrenzhausen<\/td><\/tr><tr><td class=\"has-text-align-right\" data-align=\"right\">Sa, 13.01.<\/td><td>Sch\u00fctzenball Unterweikertshofen<\/td><td>85253 Unterweikertshofen<\/td><\/tr><tr><td class=\"has-text-align-right\" data-align=\"right\">Sa, 27.01.<\/td><td>Sportler-Sch\u00fctzen-Hausball<\/td><td>85256 Vierkirchen<\/td><\/tr><tr><td class=\"has-text-align-right\" data-align=\"right\">Sa, 03.02.<\/td><td>Theaterball Altom\u00fcnster<\/td><td>85250 Altom\u00fcnster<\/td><\/tr><tr><td class=\"has-text-align-right\" data-align=\"right\">So, 02.06.<\/td><td>Gr\u00fcndungsfest BV&amp;MV Eisenhofen<\/td><td>85253 Eisenhofen<\/td><\/tr><tr><td class=\"has-text-align-right\" data-align=\"right\">Fr, 07.06.<\/td><td>Weinfest Arnbach<\/td><td>85247 Arnbach<\/td><\/tr><\/tbody><\/table><\/figure>\n\n\n\n<div class=\"wp-block-group alignfull has-black-background-color has-background\"><div class=\"wp-block-group__inner-container is-layout-flow wp-block-group-is-layout-flow\">\n<h2 class=\"has-text-align-center has-white-color has-text-color wp-block-heading\"><strong>Galer<\/strong>ie<\/h2>\n\n\n\n<figure class=\"wp-block-gallery has-nested-images columns-2 is-cropped wp-block-gallery-1 is-layout-flex wp-block-gallery-is-layout-flex\">\n<figure class=\"wp-block-image size-large\"><img loading=\"lazy\" decoding=\"async\" width=\"1024\" height=\"683\" src=\"https:\/\/elprosit.de\/wp-content\/uploads\/2023\/01\/B48A3135-min-1024x683.jpg\" alt=\"\" class=\"wp-image-419\" srcset=\"https:\/\/elprosit.de\/wp-content\/uploads\/2023\/01\/B48A3135-min-1024x683.jpg 1024w, https:\/\/elprosit.de\/wp-content\/uploads\/2023\/01\/B48A3135-min-300x200.jpg 300w, https:\/\/elprosit.de\/wp-content\/uploads\/2023\/01\/B48A3135-min-768x512.jpg 768w, https:\/\/elprosit.de\/wp-content\/uploads\/2023\/01\/B48A3135-min-1536x1024.jpg 1536w, https:\/\/elprosit.de\/wp-content\/uploads\/2023\/01\/B48A3135-min-2048x1365.jpg 2048w, https:\/\/elprosit.de\/wp-content\/uploads\/2023\/01\/B48A3135-min-2000x1333.jpg 2000w\" sizes=\"(max-width: 1024px) 100vw, 1024px\" \/><\/figure>\n\n\n\n<figure class=\"wp-block-image size-large\"><img loading=\"lazy\" decoding=\"async\" width=\"1024\" height=\"683\" src=\"https:\/\/elprosit.de\/wp-content\/uploads\/2023\/01\/IMG_7947-min-1024x683.jpg\" alt=\"\" class=\"wp-image-418\" srcset=\"https:\/\/elprosit.de\/wp-content\/uploads\/2023\/01\/IMG_7947-min-1024x683.jpg 1024w, https:\/\/elprosit.de\/wp-content\/uploads\/2023\/01\/IMG_7947-min-300x200.jpg 300w, https:\/\/elprosit.de\/wp-content\/uploads\/2023\/01\/IMG_7947-min-768x512.jpg 768w, https:\/\/elprosit.de\/wp-content\/uploads\/2023\/01\/IMG_7947-min-1536x1024.jpg 1536w, https:\/\/elprosit.de\/wp-content\/uploads\/2023\/01\/IMG_7947-min-2048x1365.jpg 2048w, https:\/\/elprosit.de\/wp-content\/uploads\/2023\/01\/IMG_7947-min-2000x1333.jpg 2000w\" sizes=\"(max-width: 1024px) 100vw, 1024px\" \/><\/figure>\n\n\n\n<figure class=\"wp-block-image size-large\"><img loading=\"lazy\" decoding=\"async\" width=\"1024\" height=\"683\" src=\"https:\/\/elprosit.de\/wp-content\/uploads\/2023\/01\/NCC_EP_V-2-min-1024x683.jpg\" alt=\"\" class=\"wp-image-420\" srcset=\"https:\/\/elprosit.de\/wp-content\/uploads\/2023\/01\/NCC_EP_V-2-min-1024x683.jpg 1024w, https:\/\/elprosit.de\/wp-content\/uploads\/2023\/01\/NCC_EP_V-2-min-300x200.jpg 300w, https:\/\/elprosit.de\/wp-content\/uploads\/2023\/01\/NCC_EP_V-2-min-768x512.jpg 768w, https:\/\/elprosit.de\/wp-content\/uploads\/2023\/01\/NCC_EP_V-2-min-1536x1024.jpg 1536w, https:\/\/elprosit.de\/wp-content\/uploads\/2023\/01\/NCC_EP_V-2-min-2048x1365.jpg 2048w, https:\/\/elprosit.de\/wp-content\/uploads\/2023\/01\/NCC_EP_V-2-min-2000x1333.jpg 2000w\" sizes=\"(max-width: 1024px) 100vw, 1024px\" \/><\/figure>\n\n\n\n<figure class=\"wp-block-image size-large\"><img loading=\"lazy\" decoding=\"async\" width=\"1024\" height=\"683\" src=\"https:\/\/elprosit.de\/wp-content\/uploads\/2023\/01\/NCC_EP_V-21-min-1-1024x683.jpg\" alt=\"\" class=\"wp-image-421\" srcset=\"https:\/\/elprosit.de\/wp-content\/uploads\/2023\/01\/NCC_EP_V-21-min-1-1024x683.jpg 1024w, https:\/\/elprosit.de\/wp-content\/uploads\/2023\/01\/NCC_EP_V-21-min-1-300x200.jpg 300w, https:\/\/elprosit.de\/wp-content\/uploads\/2023\/01\/NCC_EP_V-21-min-1-768x512.jpg 768w, https:\/\/elprosit.de\/wp-content\/uploads\/2023\/01\/NCC_EP_V-21-min-1-1536x1024.jpg 1536w, https:\/\/elprosit.de\/wp-content\/uploads\/2023\/01\/NCC_EP_V-21-min-1-2048x1365.jpg 2048w, https:\/\/elprosit.de\/wp-content\/uploads\/2023\/01\/NCC_EP_V-21-min-1-2000x1333.jpg 2000w\" sizes=\"(max-width: 1024px) 100vw, 1024px\" \/><\/figure>\n<\/figure>\n<\/div><\/div>\n\n\n\n<h2 class=\"has-text-align-center has-large-font-size wp-block-heading\">MUSIKER<\/h2>\n\n\n\n<figure class=\"wp-block-gallery has-nested-images columns-5 is-cropped wp-block-gallery-2 is-layout-flex wp-block-gallery-is-layout-flex\">\n<figure class=\"wp-block-image size-large\"><img loading=\"lazy\" decoding=\"async\" width=\"421\" height=\"435\" data-id=\"306\" src=\"https:\/\/elprosit.de\/wp-content\/uploads\/2021\/09\/josef2.jpg\" alt=\"\" class=\"wp-image-306\" srcset=\"https:\/\/elprosit.de\/wp-content\/uploads\/2021\/09\/josef2.jpg 421w, https:\/\/elprosit.de\/wp-content\/uploads\/2021\/09\/josef2-290x300.jpg 290w\" sizes=\"(max-width: 421px) 100vw, 421px\" \/><figcaption class=\"wp-element-caption\">Josef &#8211; Steirische\/Gitarre<\/figcaption><\/figure>\n\n\n\n<figure class=\"wp-block-image size-large\"><img loading=\"lazy\" decoding=\"async\" width=\"1024\" height=\"1024\" data-id=\"444\" src=\"http:\/\/elprosit.de\/wp-content\/uploads\/2023\/01\/DSCF1063xx-min-1024x1024.jpg\" alt=\"\" class=\"wp-image-444\" srcset=\"https:\/\/elprosit.de\/wp-content\/uploads\/2023\/01\/DSCF1063xx-min-1024x1024.jpg 1024w, https:\/\/elprosit.de\/wp-content\/uploads\/2023\/01\/DSCF1063xx-min-300x300.jpg 300w, https:\/\/elprosit.de\/wp-content\/uploads\/2023\/01\/DSCF1063xx-min-150x150.jpg 150w, https:\/\/elprosit.de\/wp-content\/uploads\/2023\/01\/DSCF1063xx-min-768x768.jpg 768w, https:\/\/elprosit.de\/wp-content\/uploads\/2023\/01\/DSCF1063xx-min.jpg 1179w\" sizes=\"(max-width: 1024px) 100vw, 1024px\" \/><figcaption class=\"wp-element-caption\">Andi &#8211; Sax\/Klarinette<\/figcaption><\/figure>\n\n\n\n<figure class=\"wp-block-image size-large\"><img loading=\"lazy\" decoding=\"async\" width=\"679\" height=\"731\" data-id=\"307\" src=\"https:\/\/elprosit.de\/wp-content\/uploads\/2021\/09\/daniel1.jpg\" alt=\"\" class=\"wp-image-307\" srcset=\"https:\/\/elprosit.de\/wp-content\/uploads\/2021\/09\/daniel1.jpg 679w, https:\/\/elprosit.de\/wp-content\/uploads\/2021\/09\/daniel1-279x300.jpg 279w\" sizes=\"(max-width: 679px) 100vw, 679px\" \/><figcaption class=\"wp-element-caption\">Daniel &#8211; Kontra-\/E-Bass<\/figcaption><\/figure>\n\n\n\n<figure class=\"wp-block-image size-full\"><img loading=\"lazy\" decoding=\"async\" width=\"662\" height=\"662\" data-id=\"443\" src=\"http:\/\/elprosit.de\/wp-content\/uploads\/2023\/01\/DSCF0748xx-min.jpg\" alt=\"\" class=\"wp-image-443\" srcset=\"https:\/\/elprosit.de\/wp-content\/uploads\/2023\/01\/DSCF0748xx-min.jpg 662w, https:\/\/elprosit.de\/wp-content\/uploads\/2023\/01\/DSCF0748xx-min-300x300.jpg 300w, https:\/\/elprosit.de\/wp-content\/uploads\/2023\/01\/DSCF0748xx-min-150x150.jpg 150w\" sizes=\"(max-width: 662px) 100vw, 662px\" \/><figcaption class=\"wp-element-caption\">Markus &#8211; Trompete\/Piano<\/figcaption><\/figure>\n\n\n\n<figure class=\"wp-block-image size-large\"><img loading=\"lazy\" decoding=\"async\" width=\"361\" height=\"368\" data-id=\"308\" src=\"https:\/\/elprosit.de\/wp-content\/uploads\/2021\/09\/Joehaens1.jpg\" alt=\"\" class=\"wp-image-308\" srcset=\"https:\/\/elprosit.de\/wp-content\/uploads\/2021\/09\/Joehaens1.jpg 361w, https:\/\/elprosit.de\/wp-content\/uploads\/2021\/09\/Joehaens1-294x300.jpg 294w\" sizes=\"(max-width: 361px) 100vw, 361px\" \/><figcaption class=\"wp-element-caption\">Joe H\u00e4ns &#8211; Schlagzeug<\/figcaption><\/figure>\n<\/figure>\n","protected":false},"excerpt":{"rendered":"<p>Wir spielen alles, was die Bandbreite der Musik zu bieten hat und vermitteln unsere Spiellaune unverkennbar an unser Publikum. Flexibilit\u00e4t in der Songauswahl und immer gute Stimmung &#8211; f\u00fcr jeden Anlass. \u00dcber Uns \u00dcberzeugend mit ehrlicher Musik &#8211; seit 2013 Wir legen sehr viel Wert auf echte Musik, verzichten auf schlechte Keyboardsounds und \u00fcberzeugen mit &hellip; <\/p>\n<p class=\"link-more\"><a href=\"https:\/\/elprosit.de\/\" class=\"more-link\">Mehr <span class=\"screen-reader-text\">\u00fcber &#8220;&#8220;Jukebox und einzigartiger Humor&#8221;&#8221; <\/span>Lesen<\/a><\/p>\n","protected":false},"author":1,"featured_media":5,"parent":0,"menu_order":0,"comment_status":"closed","ping_status":"closed","template":"","meta":{"footnotes":""},"_links":{"self":[{"href":"https:\/\/elprosit.de\/index.php?rest_route=\/wp\/v2\/pages\/6"}],"collection":[{"href":"https:\/\/elprosit.de\/index.php?rest_route=\/wp\/v2\/pages"}],"about":[{"href":"https:\/\/elprosit.de\/index.php?rest_route=\/wp\/v2\/types\/page"}],"author":[{"embeddable":true,"href":"https:\/\/elprosit.de\/index.php?rest_route=\/wp\/v2\/users\/1"}],"replies":[{"embeddable":true,"href":"https:\/\/elprosit.de\/index.php?rest_route=%2Fwp%2Fv2%2Fcomments&post=6"}],"version-history":[{"count":41,"href":"https:\/\/elprosit.de\/index.php?rest_route=\/wp\/v2\/pages\/6\/revisions"}],"predecessor-version":[{"id":654,"href":"https:\/\/elprosit.de\/index.php?rest_route=\/wp\/v2\/pages\/6\/revisions\/654"}],"wp:featuredmedia":[{"embeddable":true,"href":"https:\/\/elprosit.de\/index.php?rest_route=\/"}],"wp:attachment":[{"href":"https:\/\/elprosit.de\/index.php?rest_route=%2Fwp%2Fv2%2Fmedia&parent=6"}],"curies":[{"name":"wp","href":"https:\/\/api.w.org\/{rel}","templated":true}]}}